{"id":14,"date":"2024-03-06T23:43:44","date_gmt":"2024-03-06T23:43:44","guid":{"rendered":"https:\/\/computer.com.py\/about\/"},"modified":"2024-04-03T15:25:08","modified_gmt":"2024-04-03T15:25:08","slug":"about","status":"publish","type":"page","link":"https:\/\/computer.com.py\/es\/about\/","title":{"rendered":"Somos"},"content":{"rendered":"<div class=\"nfd-container nfd-my-0 nfd-p-lg nfd-pb-lg wp-block-group alignfull has-black-color has-white-background-color has-text-color has-background has-link-color wp-elements-b81478a322f7cad683cfe624dabe465e is-layout-flow wp-container-core-group-is-layout-330ce275 wp-block-group-is-layout-flow\" id=\"hero\">\n<div class=\"nfd-text-base md:nfd-gap-8 wp-block-columns are-vertically-aligned-center is-layout-flex wp-container-core-columns-is-layout-269740e5 wp-block-columns-is-layout-flex\">\n<div class=\"md:nfd-order-2 wp-block-column is-vertically-aligned-center is-layout-flow wp-container-core-column-is-layout-fc5e3b10 wp-block-column-is-layout-flow\" style=\"flex-basis:44%\">\n<div class=\"wp-block-group has-global-padding is-layout-constrained wp-container-core-group-is-layout-1026f38c wp-block-group-is-layout-constrained\">\n<h1 class=\"wp-block-heading nfd-text-giga nfd-text-current\">Somos<\/h1>\n\n\n\n<div class=\"nfd-text-md nfd-text-opacity-80 wp-block-group has-global-padding is-content-justification-left is-layout-constrained wp-container-core-group-is-layout-44d70bdf wp-block-group-is-layout-constrained\" style=\"padding-bottom:8px\">\n<p class=\"\">Somos una empresa familiar con sede en Colonia Independencia, Paraguay, especializada en computadoras, notebooks, tel\u00e9fonos m\u00f3viles, televisores, impresoras y accesorios de todo tipo. Con m\u00e1s de 30 a\u00f1os de experiencia en el sector inform\u00e1tico, le ofrecemos los mejores productos y servicios.<\/p>\n<\/div>\n<\/div>\n\n\n\n<div class=\"wp-block-group is-content-justification-left is-nowrap is-layout-flex wp-container-core-group-is-layout-a3dd12ba wp-block-group-is-layout-flex\">\n<div class=\"nfd-overlap-children-sm wp-block-group is-nowrap is-layout-flex wp-container-core-group-is-layout-5f465610 wp-block-group-is-layout-flex\">\n<figure class=\"is-style-rounded wp-block-image size-large is-resized has-custom-border\"><img decoding=\"async\" src=\"https:\/\/images.unsplash.com\/photo-1597423498323-e7e7554b83c6?ixlib=rb-4.0.3&amp;ixid=MnwxMjA3fDB8MHxzZWFyY2h8MzZ8fHBlcnNvbnxlbnwwfDJ8MHx8&amp;auto=format&amp;fit=crop&amp;q=60&amp;w=200&amp;h=200&amp;crop=face\" alt=\"\" class=\"has-border-color\" style=\"border-color:white;border-width:2px;aspect-ratio:1;object-fit:cover;width:50px;height:undefinedpx\"\/><\/figure>\n\n\n\n<figure class=\"is-style-rounded wp-block-image size-large is-resized has-custom-border\"><img decoding=\"async\" src=\"https:\/\/images.unsplash.com\/photo-1597423498219-04418210827d?ixlib=rb-4.0.3&amp;ixid=MnwxMjA3fDB8MHxzZWFyY2h8M3x8cGVyc29ufGVufDB8MnwwfHw%3D&amp;auto=format&amp;fit=crop&amp;q=60&amp;w=200&amp;h=200&amp;crop=face\" alt=\"\" class=\"has-border-color\" style=\"border-color:white;border-width:2px;aspect-ratio:1;object-fit:cover;width:50px;height:undefinedpx\"\/><\/figure>\n\n\n\n<figure class=\"is-style-rounded wp-block-image size-large is-resized has-custom-border\"><img decoding=\"async\" src=\"https:\/\/images.unsplash.com\/photo-1602052793312-b99c2a9ee797?ixlib=rb-4.0.3&amp;ixid=MnwxMjA3fDB8MHxzZWFyY2h8MTA0fHxwZXJzb258ZW58MHwyfDB8fA%3D%3D&amp;auto=format&amp;fit=crop&amp;q=60&amp;w=200&amp;h=200&amp;crop=face\" alt=\"\" class=\"has-border-color\" style=\"border-color:white;border-width:2px;aspect-ratio:1;object-fit:cover;width:50px;height:undefinedpx\"\/><\/figure>\n\n\n\n<figure class=\"is-style-rounded wp-block-image size-large is-resized has-custom-border\"><img decoding=\"async\" src=\"https:\/\/images.unsplash.com\/photo-1597423498026-b22efab3b009?ixlib=rb-4.0.3&amp;ixid=MnwxMjA3fDB8MHxzZWFyY2h8MTg5fHxwZXJzb258ZW58MHwyfDB8fA%3D%3D&amp;auto=format&amp;fit=crop&amp;q=60&amp;w=200&amp;h=200&amp;crop=face\" alt=\"\" class=\"has-border-color\" style=\"border-color:white;border-width:2px;aspect-ratio:1;object-fit:cover;width:50px;height:undefinedpx\"\/><\/figure>\n<\/div>\n\n\n\n<div class=\"wp-block-group is-vertical is-layout-flex wp-container-core-group-is-layout-30a70405 wp-block-group-is-layout-flex\">\n<p class=\"nfd-text-md has-text-color\" style=\"color:#fab906\">\u2605 \u2605 \u2605 \u2605 \u2606<\/p>\n\n\n\n<p class=\"nfd-text-sm\"><strong>4.8<\/strong> based on 1,8000+ user ratings<\/p>\n<\/div>\n<\/div>\n<\/div>\n\n\n\n<div class=\"wp-block-column is-vertically-aligned-center is-layout-flow wp-container-core-column-is-layout-8a368f38 wp-block-column-is-layout-flow\" style=\"flex-basis:50%\">\n<div class=\"nfd-grid nfd-grid-cols-9 nfd-grid-rows-1 nfd-items-center wp-block-group has-global-padding is-content-justification-center is-layout-constrained wp-container-core-group-is-layout-ffce93fd wp-block-group-is-layout-constrained\">\n<figure class=\"nfd-col-start-1 nfd-col-end-7 nfd-row-start-1 wp-block-image size-full has-custom-border\"><img data-recalc-dims=\"1\" loading=\"lazy\" decoding=\"async\" width=\"634\" height=\"736\" src=\"https:\/\/i0.wp.com\/computer.com.py\/wp-content\/uploads\/2024\/03\/gaming1.jpg?resize=634%2C736&#038;ssl=1\" alt=\"Computer Manufaktor Independencia\" class=\"wp-image-50\" style=\"border-top-left-radius:8px;border-bottom-left-radius:8px;aspect-ratio:2\/3;object-fit:cover\" srcset=\"https:\/\/i0.wp.com\/computer.com.py\/wp-content\/uploads\/2024\/03\/gaming1.jpg?w=634&amp;ssl=1 634w, https:\/\/i0.wp.com\/computer.com.py\/wp-content\/uploads\/2024\/03\/gaming1.jpg?resize=258%2C300&amp;ssl=1 258w, https:\/\/i0.wp.com\/computer.com.py\/wp-content\/uploads\/2024\/03\/gaming1.jpg?resize=600%2C697&amp;ssl=1 600w\" sizes=\"auto, (max-width: 634px) 100vw, 634px\" \/><figcaption class=\"wp-element-caption\">Computer Manufaktor Independencia<\/figcaption><\/figure>\n<\/div>\n<\/div>\n<\/div>\n<\/div>\n\n\n\n<div class=\"nfd-container nfd-my-0 nfd-px-md nfd-py-lg nfd-text-base nfd-bg-gray-100 wp-block-group alignfull has-black-color has-text-color is-layout-flow wp-container-core-group-is-layout-22272ca7 wp-block-group-is-layout-flow\" id=\"features\">\n<div class=\"wp-block-columns is-layout-flex wp-container-core-columns-is-layout-e0dca8c8 wp-block-columns-is-layout-flex\">\n<div class=\"wp-block-column is-layout-flow wp-block-column-is-layout-flow\">\n<div class=\"wp-block-group is-vertical is-content-justification-center is-layout-flex wp-container-core-group-is-layout-333ec4aa wp-block-group-is-layout-flex\">\n<h3 class=\"nfd-text-huge nfd-text-primary wp-block-heading has-text-align-center\">100+<\/h3>\n\n\n\n<div class=\"wp-block-group has-global-padding is-layout-constrained wp-block-group-is-layout-constrained\">\n<p class=\"nfd-text-md has-text-align-center\">\n\t\t\t\t\t\t<strong>Proyectos realizados<\/strong>\n\t\t\t\t\t<\/p>\n<\/div>\n\n\n\n<div class=\"nfd-text-opacity-80 wp-block-group has-global-padding is-layout-constrained wp-block-group-is-layout-constrained\">\n<p class=\"has-text-align-center has-foreground-color has-text-color\"><\/p>\n<\/div>\n<\/div>\n<\/div>\n\n\n\n<div class=\"wp-block-column is-layout-flow wp-block-column-is-layout-flow\">\n<div class=\"wp-block-group is-vertical is-content-justification-center is-layout-flex wp-container-core-group-is-layout-333ec4aa wp-block-group-is-layout-flex\">\n<h3 class=\"nfd-text-huge nfd-text-primary wp-block-heading has-text-align-center\">250%<\/h3>\n\n\n\n<div class=\"wp-block-group has-global-padding is-layout-constrained wp-container-core-group-is-layout-f5dbca08 wp-block-group-is-layout-constrained\">\n<p class=\"nfd-text-md has-text-align-center\">\n\t\t\t\t\t\t<strong>Crecimiento empresarial<\/strong>\n\t\t\t\t\t<\/p>\n<\/div>\n\n\n\n<div class=\"nfd-text-opacity-80 wp-block-group has-global-padding is-layout-constrained wp-block-group-is-layout-constrained\">\n<p class=\"has-text-align-center has-foreground-color has-text-color\"><\/p>\n<\/div>\n<\/div>\n<\/div>\n\n\n\n<div class=\"wp-block-column is-layout-flow wp-block-column-is-layout-flow\">\n<div class=\"wp-block-group is-vertical is-content-justification-center is-layout-flex wp-container-core-group-is-layout-333ec4aa wp-block-group-is-layout-flex\">\n<h3 class=\"nfd-text-huge nfd-text-primary wp-block-heading has-text-align-center\">30+<\/h3>\n\n\n\n<div class=\"wp-block-group has-global-padding is-layout-constrained wp-container-core-group-is-layout-f5dbca08 wp-block-group-is-layout-constrained\">\n<p class=\"nfd-text-md has-text-align-center\">\n\t\t\t\t\t\t<strong>A\u00f1os de experiencia<\/strong>\n\t\t\t\t\t<\/p>\n<\/div>\n\n\n\n<div class=\"nfd-text-opacity-80 wp-block-group has-global-padding is-layout-constrained wp-block-group-is-layout-constrained\">\n<p class=\"has-text-align-center has-foreground-color has-text-color\"><\/p>\n<\/div>\n<\/div>\n<\/div>\n<\/div>\n<\/div>","protected":false},"excerpt":{"rendered":"<p>\u00dcber uns. Wir sind ein in Colonia Independencia, Paraguay, ans\u00e4ssiges Familienunternehmen, spezialisiert auf Computer, Notebooks, Handys, Fernseher, Drucker und Zubeh\u00f6r aller Art. Durch unsere \u00fcber 30-j\u00e4hrige Erfahrung im IT-Bereich bieten wir Ihnen die besten Produkte und Serviceleistungen. \u2605 \u2605 \u2605 \u2605 \u2606 4.8 based on 1,8000+ user ratings 100+ Projects Completed 250% Company Growth 30+ [&hellip;]<\/p>\n","protected":false},"author":1,"featured_media":0,"parent":0,"menu_order":0,"comment_status":"closed","ping_status":"closed","template":"","meta":{"nf_dc_page":"","om_disable_all_campaigns":false,"_monsterinsights_skip_tracking":false,"_monsterinsights_sitenote_active":false,"_monsterinsights_sitenote_note":"","_monsterinsights_sitenote_category":0,"footnotes":""},"class_list":["post-14","page","type-page","status-publish","hentry"],"yoast_head":"<!-- This site is optimized with the Yoast SEO plugin v27.6 - https:\/\/yoast.com\/product\/yoast-seo-wordpress\/ -->\n<title>\u00dcber uns - computer.com.py<\/title>\n<meta name=\"robots\" content=\"index, follow, max-snippet:-1, max-image-preview:large, max-video-preview:-1\" \/>\n<link rel=\"canonical\" href=\"https:\/\/computer.com.py\/es\/about\/\" \/>\n<meta property=\"og:locale\" content=\"es_ES\" \/>\n<meta property=\"og:type\" content=\"article\" \/>\n<meta property=\"og:title\" content=\"\u00dcber uns - computer.com.py\" \/>\n<meta property=\"og:description\" content=\"\u00dcber uns. Wir sind ein in Colonia Independencia, Paraguay, ans\u00e4ssiges Familienunternehmen, spezialisiert auf Computer, Notebooks, Handys, Fernseher, Drucker und Zubeh\u00f6r aller Art. Durch unsere \u00fcber 30-j\u00e4hrige Erfahrung im IT-Bereich bieten wir Ihnen die besten Produkte und Serviceleistungen. \u2605 \u2605 \u2605 \u2605 \u2606 4.8 based on 1,8000+ user ratings 100+ Projects Completed 250% Company Growth 30+ [&hellip;]\" \/>\n<meta property=\"og:url\" content=\"https:\/\/computer.com.py\/es\/about\/\" \/>\n<meta property=\"og:site_name\" content=\"computer.com.py\" \/>\n<meta property=\"article:modified_time\" content=\"2024-04-03T15:25:08+00:00\" \/>\n<meta property=\"og:image\" content=\"https:\/\/images.unsplash.com\/photo-1597423498323-e7e7554b83c6?ixlib=rb-4.0.3&amp;ixid=MnwxMjA3fDB8MHxzZWFyY2h8MzZ8fHBlcnNvbnxlbnwwfDJ8MHx8&amp;auto=format&amp;fit=crop&amp;q=60&amp;w=200&amp;h=200&amp;crop=face\" \/>\n<meta name=\"twitter:card\" content=\"summary_large_image\" \/>\n<meta name=\"twitter:label1\" content=\"Tiempo de lectura\" \/>\n\t<meta name=\"twitter:data1\" content=\"2 minutos\" \/>\n<script type=\"application\/ld+json\" class=\"yoast-schema-graph\">{\"@context\":\"https:\\\/\\\/schema.org\",\"@graph\":[{\"@type\":\"WebPage\",\"@id\":\"https:\\\/\\\/computer.com.py\\\/about\\\/\",\"url\":\"https:\\\/\\\/computer.com.py\\\/about\\\/\",\"name\":\"\u00dcber uns - computer.com.py\",\"isPartOf\":{\"@id\":\"https:\\\/\\\/computer.com.py\\\/#website\"},\"primaryImageOfPage\":{\"@id\":\"https:\\\/\\\/computer.com.py\\\/about\\\/#primaryimage\"},\"image\":{\"@id\":\"https:\\\/\\\/computer.com.py\\\/about\\\/#primaryimage\"},\"thumbnailUrl\":\"https:\\\/\\\/images.unsplash.com\\\/photo-1597423498323-e7e7554b83c6?ixlib=rb-4.0.3&amp;ixid=MnwxMjA3fDB8MHxzZWFyY2h8MzZ8fHBlcnNvbnxlbnwwfDJ8MHx8&amp;auto=format&amp;fit=crop&amp;q=60&amp;w=200&amp;h=200&amp;crop=face\",\"datePublished\":\"2024-03-06T23:43:44+00:00\",\"dateModified\":\"2024-04-03T15:25:08+00:00\",\"breadcrumb\":{\"@id\":\"https:\\\/\\\/computer.com.py\\\/about\\\/#breadcrumb\"},\"inLanguage\":\"es\",\"potentialAction\":[{\"@type\":\"ReadAction\",\"target\":[\"https:\\\/\\\/computer.com.py\\\/about\\\/\"]}]},{\"@type\":\"ImageObject\",\"inLanguage\":\"es\",\"@id\":\"https:\\\/\\\/computer.com.py\\\/about\\\/#primaryimage\",\"url\":\"https:\\\/\\\/images.unsplash.com\\\/photo-1597423498323-e7e7554b83c6?ixlib=rb-4.0.3&amp;ixid=MnwxMjA3fDB8MHxzZWFyY2h8MzZ8fHBlcnNvbnxlbnwwfDJ8MHx8&amp;auto=format&amp;fit=crop&amp;q=60&amp;w=200&amp;h=200&amp;crop=face\",\"contentUrl\":\"https:\\\/\\\/images.unsplash.com\\\/photo-1597423498323-e7e7554b83c6?ixlib=rb-4.0.3&amp;ixid=MnwxMjA3fDB8MHxzZWFyY2h8MzZ8fHBlcnNvbnxlbnwwfDJ8MHx8&amp;auto=format&amp;fit=crop&amp;q=60&amp;w=200&amp;h=200&amp;crop=face\"},{\"@type\":\"BreadcrumbList\",\"@id\":\"https:\\\/\\\/computer.com.py\\\/about\\\/#breadcrumb\",\"itemListElement\":[{\"@type\":\"ListItem\",\"position\":1,\"name\":\"Home\",\"item\":\"https:\\\/\\\/computer.com.py\\\/\"},{\"@type\":\"ListItem\",\"position\":2,\"name\":\"\u00dcber uns\"}]},{\"@type\":\"WebSite\",\"@id\":\"https:\\\/\\\/computer.com.py\\\/#website\",\"url\":\"https:\\\/\\\/computer.com.py\\\/\",\"name\":\"computer.com.py\",\"description\":\"https:\\\/\\\/computer.com.py\\\/\",\"potentialAction\":[{\"@type\":\"SearchAction\",\"target\":{\"@type\":\"EntryPoint\",\"urlTemplate\":\"https:\\\/\\\/computer.com.py\\\/?s={search_term_string}\"},\"query-input\":{\"@type\":\"PropertyValueSpecification\",\"valueRequired\":true,\"valueName\":\"search_term_string\"}}],\"inLanguage\":\"es\"}]}<\/script>\n<!-- \/ Yoast SEO plugin. -->","yoast_head_json":{"title":"\u00dcber uns - computer.com.py","robots":{"index":"index","follow":"follow","max-snippet":"max-snippet:-1","max-image-preview":"max-image-preview:large","max-video-preview":"max-video-preview:-1"},"canonical":"https:\/\/computer.com.py\/es\/about\/","og_locale":"es_ES","og_type":"article","og_title":"\u00dcber uns - computer.com.py","og_description":"\u00dcber uns. Wir sind ein in Colonia Independencia, Paraguay, ans\u00e4ssiges Familienunternehmen, spezialisiert auf Computer, Notebooks, Handys, Fernseher, Drucker und Zubeh\u00f6r aller Art. Durch unsere \u00fcber 30-j\u00e4hrige Erfahrung im IT-Bereich bieten wir Ihnen die besten Produkte und Serviceleistungen. \u2605 \u2605 \u2605 \u2605 \u2606 4.8 based on 1,8000+ user ratings 100+ Projects Completed 250% Company Growth 30+ [&hellip;]","og_url":"https:\/\/computer.com.py\/es\/about\/","og_site_name":"computer.com.py","article_modified_time":"2024-04-03T15:25:08+00:00","og_image":[{"url":"https:\/\/images.unsplash.com\/photo-1597423498323-e7e7554b83c6?ixlib=rb-4.0.3&amp;ixid=MnwxMjA3fDB8MHxzZWFyY2h8MzZ8fHBlcnNvbnxlbnwwfDJ8MHx8&amp;auto=format&amp;fit=crop&amp;q=60&amp;w=200&amp;h=200&amp;crop=face","type":"","width":"","height":""}],"twitter_card":"summary_large_image","twitter_misc":{"Tiempo de lectura":"2 minutos"},"schema":{"@context":"https:\/\/schema.org","@graph":[{"@type":"WebPage","@id":"https:\/\/computer.com.py\/about\/","url":"https:\/\/computer.com.py\/about\/","name":"\u00dcber uns - computer.com.py","isPartOf":{"@id":"https:\/\/computer.com.py\/#website"},"primaryImageOfPage":{"@id":"https:\/\/computer.com.py\/about\/#primaryimage"},"image":{"@id":"https:\/\/computer.com.py\/about\/#primaryimage"},"thumbnailUrl":"https:\/\/images.unsplash.com\/photo-1597423498323-e7e7554b83c6?ixlib=rb-4.0.3&amp;ixid=MnwxMjA3fDB8MHxzZWFyY2h8MzZ8fHBlcnNvbnxlbnwwfDJ8MHx8&amp;auto=format&amp;fit=crop&amp;q=60&amp;w=200&amp;h=200&amp;crop=face","datePublished":"2024-03-06T23:43:44+00:00","dateModified":"2024-04-03T15:25:08+00:00","breadcrumb":{"@id":"https:\/\/computer.com.py\/about\/#breadcrumb"},"inLanguage":"es","potentialAction":[{"@type":"ReadAction","target":["https:\/\/computer.com.py\/about\/"]}]},{"@type":"ImageObject","inLanguage":"es","@id":"https:\/\/computer.com.py\/about\/#primaryimage","url":"https:\/\/images.unsplash.com\/photo-1597423498323-e7e7554b83c6?ixlib=rb-4.0.3&amp;ixid=MnwxMjA3fDB8MHxzZWFyY2h8MzZ8fHBlcnNvbnxlbnwwfDJ8MHx8&amp;auto=format&amp;fit=crop&amp;q=60&amp;w=200&amp;h=200&amp;crop=face","contentUrl":"https:\/\/images.unsplash.com\/photo-1597423498323-e7e7554b83c6?ixlib=rb-4.0.3&amp;ixid=MnwxMjA3fDB8MHxzZWFyY2h8MzZ8fHBlcnNvbnxlbnwwfDJ8MHx8&amp;auto=format&amp;fit=crop&amp;q=60&amp;w=200&amp;h=200&amp;crop=face"},{"@type":"BreadcrumbList","@id":"https:\/\/computer.com.py\/about\/#breadcrumb","itemListElement":[{"@type":"ListItem","position":1,"name":"Home","item":"https:\/\/computer.com.py\/"},{"@type":"ListItem","position":2,"name":"\u00dcber uns"}]},{"@type":"WebSite","@id":"https:\/\/computer.com.py\/#website","url":"https:\/\/computer.com.py\/","name":"computer.com.py","description":"https:\/\/computer.com.py\/","potentialAction":[{"@type":"SearchAction","target":{"@type":"EntryPoint","urlTemplate":"https:\/\/computer.com.py\/?s={search_term_string}"},"query-input":{"@type":"PropertyValueSpecification","valueRequired":true,"valueName":"search_term_string"}}],"inLanguage":"es"}]}},"jetpack_sharing_enabled":true,"_links":{"self":[{"href":"https:\/\/computer.com.py\/es\/wp-json\/wp\/v2\/pages\/14","targetHints":{"allow":["GET"]}}],"collection":[{"href":"https:\/\/computer.com.py\/es\/wp-json\/wp\/v2\/pages"}],"about":[{"href":"https:\/\/computer.com.py\/es\/wp-json\/wp\/v2\/types\/page"}],"author":[{"embeddable":true,"href":"https:\/\/computer.com.py\/es\/wp-json\/wp\/v2\/users\/1"}],"replies":[{"embeddable":true,"href":"https:\/\/computer.com.py\/es\/wp-json\/wp\/v2\/comments?post=14"}],"version-history":[{"count":5,"href":"https:\/\/computer.com.py\/es\/wp-json\/wp\/v2\/pages\/14\/revisions"}],"predecessor-version":[{"id":198,"href":"https:\/\/computer.com.py\/es\/wp-json\/wp\/v2\/pages\/14\/revisions\/198"}],"wp:attachment":[{"href":"https:\/\/computer.com.py\/es\/wp-json\/wp\/v2\/media?parent=14"}],"curies":[{"name":"wp","href":"https:\/\/api.w.org\/{rel}","templated":true}]}}