{"id":2,"date":"2023-11-06T22:30:37","date_gmt":"2023-11-06T22:30:37","guid":{"rendered":"http:\/\/box5835\/cgi\/addon_GT.cgi?s=GT::WP::Install::Cpanel+%28dnkjejmy%29+-+127.0.0.1+%5Bnocaller%5D\/?page_id=2"},"modified":"2024-04-03T14:55:43","modified_gmt":"2024-04-03T14:55:43","slug":"sample-page","status":"publish","type":"page","link":"https:\/\/computer.com.py\/es\/sample-page\/","title":{"rendered":"Servicio y reparaciones"},"content":{"rendered":"<p class=\"\"><\/p>\n\n\n\n<div class=\"nfd-container nfd-my-0 nfd-py-0 nfd-text-base wp-block-group alignfull has-black-color has-white-background-color has-text-color has-background has-link-color wp-elements-af2a99e81ff718a60b967f511cd64a92 is-layout-flow wp-container-core-group-is-layout-a77db08e wp-block-group-is-layout-flow\">\n<div class=\"nfd-my-0 nfd-text-md wp-block-columns is-layout-flex wp-container-core-columns-is-layout-28232c24 wp-block-columns-is-layout-flex\">\n<div class=\"md:nfd-order-2 nfd-p-md md:nfd-px-0 wp-block-column is-vertically-aligned-center is-layout-flow wp-container-core-column-is-layout-8eebadab wp-block-column-is-layout-flow\">\n<div class=\"wp-block-group has-global-padding is-content-justification-left is-layout-constrained wp-container-core-group-is-layout-0effa23f wp-block-group-is-layout-constrained\">\n<h3 class=\"wp-block-heading nfd-text-xl nfd-text-current\">Servicio y reparaciones<\/h3>\n<\/div>\n\n\n\n<div class=\"nfd-text-opacity-80 wp-block-group has-global-padding is-content-justification-left is-layout-constrained wp-container-core-group-is-layout-7526a028 wp-block-group-is-layout-constrained\">\n<p class=\"\">Reparamos o ponemos a punto su computadora de forma r\u00e1pida, profesional y sencilla.<\/p>\n\n\n\n<p class=\"\">\u00bfTienes alg\u00fan problema con tu computadora? <\/p>\n\n\n\n<p class=\"\">Cu\u00e9ntanos el problema en el +595 983 242596 y encontraremos una soluci\u00f3n.<\/p>\n<\/div>\n<\/div>\n\n\n\n<div class=\"wp-block-column is-vertically-aligned-center is-layout-flow wp-container-core-column-is-layout-8a368f38 wp-block-column-is-layout-flow\" style=\"flex-basis:50%\">\n<div class=\"wp-block-group has-global-padding is-layout-constrained wp-block-group-is-layout-constrained\">\n<figure class=\"wp-block-image size-full has-custom-border\"><img data-recalc-dims=\"1\" loading=\"lazy\" decoding=\"async\" width=\"1000\" height=\"750\" src=\"https:\/\/i0.wp.com\/computer.com.py\/wp-content\/uploads\/2024\/03\/pc-wartung.jpg?resize=1000%2C750&#038;ssl=1\" alt=\"\" class=\"wp-image-54\" style=\"border-top-left-radius:0px;border-top-right-radius:240px;border-bottom-left-radius:0px;border-bottom-right-radius:0px;aspect-ratio:1;object-fit:cover\" srcset=\"https:\/\/i0.wp.com\/computer.com.py\/wp-content\/uploads\/2024\/03\/pc-wartung.jpg?w=1000&amp;ssl=1 1000w, https:\/\/i0.wp.com\/computer.com.py\/wp-content\/uploads\/2024\/03\/pc-wartung.jpg?resize=300%2C225&amp;ssl=1 300w, https:\/\/i0.wp.com\/computer.com.py\/wp-content\/uploads\/2024\/03\/pc-wartung.jpg?resize=768%2C576&amp;ssl=1 768w, https:\/\/i0.wp.com\/computer.com.py\/wp-content\/uploads\/2024\/03\/pc-wartung.jpg?resize=600%2C450&amp;ssl=1 600w\" sizes=\"auto, (max-width: 1000px) 100vw, 1000px\" \/><\/figure>\n<\/div>\n<\/div>\n<\/div>\n\n\n\n<div class=\"nfd-my-0 nfd-text-md wp-block-columns is-layout-flex wp-container-core-columns-is-layout-28232c24 wp-block-columns-is-layout-flex\">\n<div class=\"wp-block-column is-vertically-aligned-top is-layout-flow wp-block-column-is-layout-flow\" style=\"flex-basis:50%\">\n<div class=\"wp-block-group has-global-padding is-content-justification-center is-layout-constrained wp-block-group-is-layout-constrained\">\n<figure class=\"wp-block-image size-full has-custom-border\"><img data-recalc-dims=\"1\" loading=\"lazy\" decoding=\"async\" width=\"919\" height=\"720\" src=\"https:\/\/i0.wp.com\/computer.com.py\/wp-content\/uploads\/2024\/03\/pc-tuning-06.png.webp?resize=919%2C720&#038;ssl=1\" alt=\"\" class=\"wp-image-53\" style=\"border-top-left-radius:240px;aspect-ratio:1;object-fit:cover\" srcset=\"https:\/\/i0.wp.com\/computer.com.py\/wp-content\/uploads\/2024\/03\/pc-tuning-06.png.webp?w=919&amp;ssl=1 919w, https:\/\/i0.wp.com\/computer.com.py\/wp-content\/uploads\/2024\/03\/pc-tuning-06.png.webp?resize=300%2C235&amp;ssl=1 300w, https:\/\/i0.wp.com\/computer.com.py\/wp-content\/uploads\/2024\/03\/pc-tuning-06.png.webp?resize=768%2C602&amp;ssl=1 768w, https:\/\/i0.wp.com\/computer.com.py\/wp-content\/uploads\/2024\/03\/pc-tuning-06.png.webp?resize=600%2C470&amp;ssl=1 600w\" sizes=\"auto, (max-width: 919px) 100vw, 919px\" \/><\/figure>\n<\/div>\n<\/div>\n\n\n\n<div class=\"md:nfd-order-2 nfd-p-md md:nfd-px-0 wp-block-column is-vertically-aligned-center is-layout-flow wp-container-core-column-is-layout-8eebadab wp-block-column-is-layout-flow\">\n<div class=\"wp-block-group has-global-padding is-content-justification-left is-layout-constrained wp-container-core-group-is-layout-0effa23f wp-block-group-is-layout-constrained\">\n<h3 class=\"wp-block-heading nfd-text-xl nfd-text-current\">Amplios servicios <\/h3>\n<\/div>\n\n\n\n<div class=\"nfd-text-opacity-80 wp-block-group has-global-padding is-content-justification-left is-layout-constrained wp-container-core-group-is-layout-712980ff wp-block-group-is-layout-constrained\" style=\"padding-bottom:8px\">\n<p class=\"\">\u00bfTu vieja computadora es demasiado lenta?<\/p>\n\n\n\n<p class=\"\"> \u00a1Tenemos grandes ofertas de afinaci\u00f3n!<\/p>\n<\/div>\n<\/div>\n<\/div>\n\n\n\n<div class=\"nfd-my-0 nfd-text-md wp-block-columns is-layout-flex wp-container-core-columns-is-layout-28232c24 wp-block-columns-is-layout-flex\">\n<div class=\"md:nfd-order-2 nfd-p-md md:nfd-px-0 wp-block-column is-vertically-aligned-center is-layout-flow wp-container-core-column-is-layout-8eebadab wp-block-column-is-layout-flow\">\n<div class=\"wp-block-group has-global-padding is-content-justification-left is-layout-constrained wp-container-core-group-is-layout-0effa23f wp-block-group-is-layout-constrained\">\n<h3 class=\"wp-block-heading nfd-text-xl nfd-text-current\">Muchos a\u00f1os de experiencia en el sector inform\u00e1tico<\/h3>\n<\/div>\n\n\n\n<div class=\"nfd-text-opacity-80 wp-block-group has-global-padding is-content-justification-left is-layout-constrained wp-container-core-group-is-layout-7526a028 wp-block-group-is-layout-constrained\">\n<p class=\"\">D\u00e9cadas de experiencia en el sector inform\u00e1tico ponen al d\u00eda sus dispositivos.<\/p>\n\n\n\n<p class=\"\"><\/p>\n<\/div>\n<\/div>\n\n\n\n<div class=\"wp-block-column is-vertically-aligned-top is-layout-flow wp-container-core-column-is-layout-8a368f38 wp-block-column-is-layout-flow\" style=\"flex-basis:50%\">\n<div class=\"wp-block-group has-global-padding is-layout-constrained wp-block-group-is-layout-constrained\">\n<figure class=\"wp-block-image size-large has-custom-border\"><img data-recalc-dims=\"1\" loading=\"lazy\" decoding=\"async\" width=\"1024\" height=\"684\" src=\"https:\/\/i0.wp.com\/computer.com.py\/wp-content\/uploads\/2024\/04\/dell-g2E2NQ5SWSU-unsplash.jpg?resize=1024%2C684&#038;ssl=1\" alt=\"\" class=\"wp-image-184\" style=\"border-top-left-radius:0px;border-top-right-radius:0px;border-bottom-left-radius:0px;border-bottom-right-radius:240px;aspect-ratio:1;object-fit:cover\" srcset=\"https:\/\/i0.wp.com\/computer.com.py\/wp-content\/uploads\/2024\/04\/dell-g2E2NQ5SWSU-unsplash-scaled.jpg?resize=1024%2C684&amp;ssl=1 1024w, https:\/\/i0.wp.com\/computer.com.py\/wp-content\/uploads\/2024\/04\/dell-g2E2NQ5SWSU-unsplash-scaled.jpg?resize=300%2C200&amp;ssl=1 300w, https:\/\/i0.wp.com\/computer.com.py\/wp-content\/uploads\/2024\/04\/dell-g2E2NQ5SWSU-unsplash-scaled.jpg?resize=768%2C513&amp;ssl=1 768w, https:\/\/i0.wp.com\/computer.com.py\/wp-content\/uploads\/2024\/04\/dell-g2E2NQ5SWSU-unsplash-scaled.jpg?resize=1536%2C1025&amp;ssl=1 1536w, https:\/\/i0.wp.com\/computer.com.py\/wp-content\/uploads\/2024\/04\/dell-g2E2NQ5SWSU-unsplash-scaled.jpg?w=2000&amp;ssl=1 2000w\" sizes=\"auto, (max-width: 1000px) 100vw, 1000px\" \/><\/figure>\n<\/div>\n<\/div>\n<\/div>\n<\/div>","protected":false},"excerpt":{"rendered":"<p>Service und Reparaturen Wir reparieren oder tunen Ihr vorhandenes Ger\u00e4t schnell, professionell und unkompliziert. Sie haben ein Problem mit Ihrem Ger\u00e4t? Schildern Sie uns das Problem unter +595 983 242596 und wir finden eine L\u00f6sung. Umfassende Dienstleistungen Ihr Alter ist zu langsam? Wir haben tolle Tuning Angebote! Langj\u00e4hrige Erfahrungen im IT-Bereich Jahrzehnte an Erfahrungen im [&hellip;]<\/p>\n","protected":false},"author":1,"featured_media":0,"parent":0,"menu_order":0,"comment_status":"closed","ping_status":"open","template":"","meta":{"nf_dc_page":"","om_disable_all_campaigns":false,"_monsterinsights_skip_tracking":false,"_monsterinsights_sitenote_active":false,"_monsterinsights_sitenote_note":"","_monsterinsights_sitenote_category":0,"footnotes":""},"class_list":["post-2","page","type-page","status-publish","hentry"],"yoast_head":"<!-- This site is optimized with the Yoast SEO plugin v27.6 - https:\/\/yoast.com\/product\/yoast-seo-wordpress\/ -->\n<title>Service und Reparaturen - computer.com.py<\/title>\n<meta name=\"robots\" content=\"index, follow, max-snippet:-1, max-image-preview:large, max-video-preview:-1\" \/>\n<link rel=\"canonical\" href=\"https:\/\/computer.com.py\/es\/sample-page\/\" \/>\n<meta property=\"og:locale\" content=\"es_ES\" \/>\n<meta property=\"og:type\" content=\"article\" \/>\n<meta property=\"og:title\" content=\"Service und Reparaturen - computer.com.py\" \/>\n<meta property=\"og:description\" content=\"Service und Reparaturen Wir reparieren oder tunen Ihr vorhandenes Ger\u00e4t schnell, professionell und unkompliziert. Sie haben ein Problem mit Ihrem Ger\u00e4t? Schildern Sie uns das Problem unter +595 983 242596 und wir finden eine L\u00f6sung. Umfassende Dienstleistungen Ihr Alter ist zu langsam? Wir haben tolle Tuning Angebote! Langj\u00e4hrige Erfahrungen im IT-Bereich Jahrzehnte an Erfahrungen im [&hellip;]\" \/>\n<meta property=\"og:url\" content=\"https:\/\/computer.com.py\/es\/sample-page\/\" \/>\n<meta property=\"og:site_name\" content=\"computer.com.py\" \/>\n<meta property=\"article:modified_time\" content=\"2024-04-03T14:55:43+00:00\" \/>\n<meta property=\"og:image\" content=\"https:\/\/computer.com.py\/wp-content\/uploads\/2024\/03\/pc-wartung.jpg\" \/>\n<meta name=\"twitter:card\" content=\"summary_large_image\" \/>\n<meta name=\"twitter:label1\" content=\"Tiempo de lectura\" \/>\n\t<meta name=\"twitter:data1\" content=\"1 minuto\" \/>\n<script type=\"application\/ld+json\" class=\"yoast-schema-graph\">{\"@context\":\"https:\\\/\\\/schema.org\",\"@graph\":[{\"@type\":\"WebPage\",\"@id\":\"https:\\\/\\\/computer.com.py\\\/sample-page\\\/\",\"url\":\"https:\\\/\\\/computer.com.py\\\/sample-page\\\/\",\"name\":\"Service und Reparaturen - computer.com.py\",\"isPartOf\":{\"@id\":\"https:\\\/\\\/computer.com.py\\\/#website\"},\"primaryImageOfPage\":{\"@id\":\"https:\\\/\\\/computer.com.py\\\/sample-page\\\/#primaryimage\"},\"image\":{\"@id\":\"https:\\\/\\\/computer.com.py\\\/sample-page\\\/#primaryimage\"},\"thumbnailUrl\":\"https:\\\/\\\/computer.com.py\\\/wp-content\\\/uploads\\\/2024\\\/03\\\/pc-wartung.jpg\",\"datePublished\":\"2023-11-06T22:30:37+00:00\",\"dateModified\":\"2024-04-03T14:55:43+00:00\",\"breadcrumb\":{\"@id\":\"https:\\\/\\\/computer.com.py\\\/sample-page\\\/#breadcrumb\"},\"inLanguage\":\"es\",\"potentialAction\":[{\"@type\":\"ReadAction\",\"target\":[\"https:\\\/\\\/computer.com.py\\\/sample-page\\\/\"]}]},{\"@type\":\"ImageObject\",\"inLanguage\":\"es\",\"@id\":\"https:\\\/\\\/computer.com.py\\\/sample-page\\\/#primaryimage\",\"url\":\"https:\\\/\\\/computer.com.py\\\/wp-content\\\/uploads\\\/2024\\\/03\\\/pc-wartung.jpg\",\"contentUrl\":\"https:\\\/\\\/computer.com.py\\\/wp-content\\\/uploads\\\/2024\\\/03\\\/pc-wartung.jpg\"},{\"@type\":\"BreadcrumbList\",\"@id\":\"https:\\\/\\\/computer.com.py\\\/sample-page\\\/#breadcrumb\",\"itemListElement\":[{\"@type\":\"ListItem\",\"position\":1,\"name\":\"Home\",\"item\":\"https:\\\/\\\/computer.com.py\\\/\"},{\"@type\":\"ListItem\",\"position\":2,\"name\":\"Service und Reparaturen\"}]},{\"@type\":\"WebSite\",\"@id\":\"https:\\\/\\\/computer.com.py\\\/#website\",\"url\":\"https:\\\/\\\/computer.com.py\\\/\",\"name\":\"computer.com.py\",\"description\":\"https:\\\/\\\/computer.com.py\\\/\",\"potentialAction\":[{\"@type\":\"SearchAction\",\"target\":{\"@type\":\"EntryPoint\",\"urlTemplate\":\"https:\\\/\\\/computer.com.py\\\/?s={search_term_string}\"},\"query-input\":{\"@type\":\"PropertyValueSpecification\",\"valueRequired\":true,\"valueName\":\"search_term_string\"}}],\"inLanguage\":\"es\"}]}<\/script>\n<!-- \/ Yoast SEO plugin. -->","yoast_head_json":{"title":"Service und Reparaturen - computer.com.py","robots":{"index":"index","follow":"follow","max-snippet":"max-snippet:-1","max-image-preview":"max-image-preview:large","max-video-preview":"max-video-preview:-1"},"canonical":"https:\/\/computer.com.py\/es\/sample-page\/","og_locale":"es_ES","og_type":"article","og_title":"Service und Reparaturen - computer.com.py","og_description":"Service und Reparaturen Wir reparieren oder tunen Ihr vorhandenes Ger\u00e4t schnell, professionell und unkompliziert. Sie haben ein Problem mit Ihrem Ger\u00e4t? Schildern Sie uns das Problem unter +595 983 242596 und wir finden eine L\u00f6sung. Umfassende Dienstleistungen Ihr Alter ist zu langsam? Wir haben tolle Tuning Angebote! Langj\u00e4hrige Erfahrungen im IT-Bereich Jahrzehnte an Erfahrungen im [&hellip;]","og_url":"https:\/\/computer.com.py\/es\/sample-page\/","og_site_name":"computer.com.py","article_modified_time":"2024-04-03T14:55:43+00:00","og_image":[{"url":"https:\/\/computer.com.py\/wp-content\/uploads\/2024\/03\/pc-wartung.jpg","type":"","width":"","height":""}],"twitter_card":"summary_large_image","twitter_misc":{"Tiempo de lectura":"1 minuto"},"schema":{"@context":"https:\/\/schema.org","@graph":[{"@type":"WebPage","@id":"https:\/\/computer.com.py\/sample-page\/","url":"https:\/\/computer.com.py\/sample-page\/","name":"Service und Reparaturen - computer.com.py","isPartOf":{"@id":"https:\/\/computer.com.py\/#website"},"primaryImageOfPage":{"@id":"https:\/\/computer.com.py\/sample-page\/#primaryimage"},"image":{"@id":"https:\/\/computer.com.py\/sample-page\/#primaryimage"},"thumbnailUrl":"https:\/\/computer.com.py\/wp-content\/uploads\/2024\/03\/pc-wartung.jpg","datePublished":"2023-11-06T22:30:37+00:00","dateModified":"2024-04-03T14:55:43+00:00","breadcrumb":{"@id":"https:\/\/computer.com.py\/sample-page\/#breadcrumb"},"inLanguage":"es","potentialAction":[{"@type":"ReadAction","target":["https:\/\/computer.com.py\/sample-page\/"]}]},{"@type":"ImageObject","inLanguage":"es","@id":"https:\/\/computer.com.py\/sample-page\/#primaryimage","url":"https:\/\/computer.com.py\/wp-content\/uploads\/2024\/03\/pc-wartung.jpg","contentUrl":"https:\/\/computer.com.py\/wp-content\/uploads\/2024\/03\/pc-wartung.jpg"},{"@type":"BreadcrumbList","@id":"https:\/\/computer.com.py\/sample-page\/#breadcrumb","itemListElement":[{"@type":"ListItem","position":1,"name":"Home","item":"https:\/\/computer.com.py\/"},{"@type":"ListItem","position":2,"name":"Service und Reparaturen"}]},{"@type":"WebSite","@id":"https:\/\/computer.com.py\/#website","url":"https:\/\/computer.com.py\/","name":"computer.com.py","description":"https:\/\/computer.com.py\/","potentialAction":[{"@type":"SearchAction","target":{"@type":"EntryPoint","urlTemplate":"https:\/\/computer.com.py\/?s={search_term_string}"},"query-input":{"@type":"PropertyValueSpecification","valueRequired":true,"valueName":"search_term_string"}}],"inLanguage":"es"}]}},"jetpack_sharing_enabled":true,"_links":{"self":[{"href":"https:\/\/computer.com.py\/es\/wp-json\/wp\/v2\/pages\/2","targetHints":{"allow":["GET"]}}],"collection":[{"href":"https:\/\/computer.com.py\/es\/wp-json\/wp\/v2\/pages"}],"about":[{"href":"https:\/\/computer.com.py\/es\/wp-json\/wp\/v2\/types\/page"}],"author":[{"embeddable":true,"href":"https:\/\/computer.com.py\/es\/wp-json\/wp\/v2\/users\/1"}],"replies":[{"embeddable":true,"href":"https:\/\/computer.com.py\/es\/wp-json\/wp\/v2\/comments?post=2"}],"version-history":[{"count":4,"href":"https:\/\/computer.com.py\/es\/wp-json\/wp\/v2\/pages\/2\/revisions"}],"predecessor-version":[{"id":187,"href":"https:\/\/computer.com.py\/es\/wp-json\/wp\/v2\/pages\/2\/revisions\/187"}],"wp:attachment":[{"href":"https:\/\/computer.com.py\/es\/wp-json\/wp\/v2\/media?parent=2"}],"curies":[{"name":"wp","href":"https:\/\/api.w.org\/{rel}","templated":true}]}}